{"id":3649,"date":"2025-01-20T11:11:27","date_gmt":"2025-01-20T11:11:27","guid":{"rendered":"https:\/\/restaurantehabito.com\/?page_id=3649"},"modified":"2025-01-20T11:12:06","modified_gmt":"2025-01-20T11:12:06","slug":"elementor-3649","status":"publish","type":"page","link":"https:\/\/restaurantehabito.com\/en\/elementor-3649\/","title":{"rendered":"Elementor #3649"},"content":{"rendered":"<div data-elementor-type=\"wp-page\" data-elementor-id=\"3649\" class=\"elementor elementor-3649\" data-elementor-post-type=\"page\">\n\t\t\t\t<div class=\"elementor-element elementor-element-7c91518 e-flex e-con-boxed e-con e-parent\" data-id=\"7c91518\" data-element_type=\"container\" data-e-type=\"container\" data-settings=\"{&quot;jet_parallax_layout_list&quot;:[]}\">\n\t\t\t\t\t<div class=\"e-con-inner\">\n\t\t\t\t<div class=\"elementor-element elementor-element-1494 elementor-widget elementor-widget-global elementor-global-1494 elementor-widget-jet-price-list\" data-id=\"1494\" data-element_type=\"widget\" data-e-type=\"widget\" data-widget_type=\"jet-price-list.default\">\n\t\t\t\t<div class=\"elementor-widget-container\">\n\t\t\t\t\t<div class=\"elementor-jet-price-list jet-elements\">\n<ul class=\"jet-price-list\"><li class=\"price-list__item\"><div class=\"price-list__item-inner\"><div class=\"price-list__item-content\"><div class=\"price-list__item-title__wrapper\"><div class=\"price-list__item-separator\"><\/div><\/div><div class=\"price-list__item-desc\">Young, silky and fragrant. They are naturally light and fruity without aging or oak fermentation. Here we find simple wines, with good structure, velvety and without great aromatic complexity.<\/div><\/div><\/div><\/li><li class=\"price-list__item\"><div class=\"price-list__item-inner\"><div class=\"price-list__item-content\"><div class=\"price-list__item-title__wrapper\"><h5 class=\"price-list__item-title\">Marqu\u00eas dos Vales Selecta<\/h5><div class=\"price-list__item-separator\"><\/div><\/div><div class=\"price-list__item-desc\">Aragon\u00eas, Castel\u00e3o, Syrah, Trincadeira<br>\n<i class=\"fal fa-map-marker-alt\"><\/i> Algarve, Portugal<\/div><\/div><\/div><\/li><li class=\"price-list__item\"><div class=\"price-list__item-inner\"><div class=\"price-list__item-content\"><div class=\"price-list__item-title__wrapper\"><h5 class=\"price-list__item-title\">Quinta do Paral Estate<\/h5><div class=\"price-list__item-separator\"><\/div><\/div><div class=\"price-list__item-desc\">Touriga Nacional, Touriga Franca, Petit Verdot, Petit Syrah<br>\n<i class=\"fal fa-map-marker-alt\"><\/i> Alentejo, Portugal<\/div><\/div><\/div><\/li><li class=\"price-list__item\"><div class=\"price-list__item-inner\"><div class=\"price-list__item-content\"><div class=\"price-list__item-title__wrapper\"><h5 class=\"price-list__item-title\">Caminhos Cruzados Colheita<\/h5><div class=\"price-list__item-separator\"><\/div><\/div><div class=\"price-list__item-desc\">Touriga Nacional, Alfrocheiro Preto, Tinta Roriz, Jean <br>\n<i class=\"fal fa-map-marker-alt\"><\/i> D\u00e3o, Portugal<\/div><\/div><\/div><\/li><li class=\"price-list__item\"><div class=\"price-list__item-inner\"><div class=\"price-list__item-content\"><div class=\"price-list__item-title__wrapper\"><h5 class=\"price-list__item-title\">Cabrita Negra Mole<\/h5><div class=\"price-list__item-separator\"><\/div><\/div><div class=\"price-list__item-desc\">Negra Mole<br>\n<i class=\"fal fa-map-marker-alt\"><\/i> Algarve, Portugal<\/div><\/div><\/div><\/li><li class=\"price-list__item\"><div class=\"price-list__item-inner\"><div class=\"price-list__item-content\"><div class=\"price-list__item-title__wrapper\"><h5 class=\"price-list__item-title\">Quinta da Vinha Cabrita <\/h5><div class=\"price-list__item-separator\"><\/div><\/div><div class=\"price-list__item-desc\">Crato Preto, Mante\u00fado, Negra Mole, Castel\u00e3o<br>\n<i class=\"fal fa-map-marker-alt\"><\/i> Algarve, Portugal<\/div><\/div><\/div><\/li><li class=\"price-list__item\"><div class=\"price-list__item-inner\"><div class=\"price-list__item-content\"><div class=\"price-list__item-title__wrapper\"><h5 class=\"price-list__item-title\">Apelido<\/h5><div class=\"price-list__item-separator\"><\/div><\/div><div class=\"price-list__item-desc\">Trincadeira, Touriga Nacional, Touriga Franca<br>\n<i class=\"fal fa-map-marker-alt\"><\/i> Alentejo, Portugal<\/div><\/div><\/div><\/li><li class=\"price-list__item\"><div class=\"price-list__item-inner\"><div class=\"price-list__item-content\"><div class=\"price-list__item-title__wrapper\"><h5 class=\"price-list__item-title\">Flor de Sal Prata <\/h5><div class=\"price-list__item-separator\"><\/div><\/div><div class=\"price-list__item-desc\">Touriga Franca, Alicante Bouschet, Aragon\u00eas         <br>\n<i class=\"fal fa-map-marker-alt\"><\/i> Alentejo, Portugal<\/div><\/div><\/div><\/li><li class=\"price-list__item\"><div class=\"price-list__item-inner\"><div class=\"price-list__item-content\"><div class=\"price-list__item-title__wrapper\"><h5 class=\"price-list__item-title\">Jo\u00e3o Clara<\/h5><div class=\"price-list__item-separator\"><\/div><\/div><div class=\"price-list__item-desc\">100% Negra Mole<br>\n<i class=\"fal fa-map-marker-alt\"><\/i> Algarve, Portugal<\/div><\/div><\/div><\/li><li class=\"price-list__item\"><div class=\"price-list__item-inner\"><div class=\"price-list__item-content\"><div class=\"price-list__item-title__wrapper\"><h5 class=\"price-list__item-title\">Quinta da Romaneira<\/h5><div class=\"price-list__item-separator\"><\/div><\/div><div class=\"price-list__item-desc\">Touriga Nacional, Touriga Franca, Tinta Roriz, Tinto C\u00e3o<br>\n<i class=\"fal fa-map-marker-alt\"><\/i> Douro, Portugal<\/div><\/div><\/div><\/li><li class=\"price-list__item\"><div class=\"price-list__item-inner\"><div class=\"price-list__item-content\"><div class=\"price-list__item-title__wrapper\"><h5 class=\"price-list__item-title\"><br><\/h5><div class=\"price-list__item-separator\"><\/div><\/div><\/div><\/div><\/li><\/ul><\/div>\t\t\t\t<\/div>\n\t\t\t\t<\/div>\n\t\t\t\t\t<\/div>\n\t\t\t\t<\/div>\n\t\t\t\t<\/div>","protected":false},"excerpt":{"rendered":"<p>Cheios de juventude, sedosos e perfumados. S\u00e3o naturalmente leves e frutados sem est\u00e1gio ou fermenta\u00e7\u00e3o em carvalho. Aqui encontramos vinhos simples, de boa estrutura, aveludados e sem grande complexidade arom\u00e1tica. Marqu\u00eas dos Vales Selecta Aragon\u00eas, Castel\u00e3o, Syrah, Trincadeira Algarve, Portugal Quinta do Paral Estate Touriga Nacional, Touriga Franca, Petit Verdot, Petit Syrah Alentejo, Portugal Caminhos [&hellip;]<\/p>\n","protected":false},"author":4,"featured_media":0,"parent":0,"menu_order":0,"comment_status":"closed","ping_status":"closed","template":"","meta":{"om_disable_all_campaigns":false,"_monsterinsights_skip_tracking":false,"_monsterinsights_sitenote_active":false,"_monsterinsights_sitenote_note":"","_monsterinsights_sitenote_category":0,"_uf_show_specific_survey":0,"_uf_disable_surveys":false,"_jet_sm_ready_style":"","_jet_sm_style":"","_jet_sm_controls_values":"","_jet_sm_fonts_collection":"","_jet_sm_fonts_links":"","footnotes":""},"class_list":["post-3649","page","type-page","status-publish","hentry"],"aioseo_notices":[],"_links":{"self":[{"href":"https:\/\/restaurantehabito.com\/en\/wp-json\/wp\/v2\/pages\/3649","targetHints":{"allow":["GET"]}}],"collection":[{"href":"https:\/\/restaurantehabito.com\/en\/wp-json\/wp\/v2\/pages"}],"about":[{"href":"https:\/\/restaurantehabito.com\/en\/wp-json\/wp\/v2\/types\/page"}],"author":[{"embeddable":true,"href":"https:\/\/restaurantehabito.com\/en\/wp-json\/wp\/v2\/users\/4"}],"replies":[{"embeddable":true,"href":"https:\/\/restaurantehabito.com\/en\/wp-json\/wp\/v2\/comments?post=3649"}],"version-history":[{"count":3,"href":"https:\/\/restaurantehabito.com\/en\/wp-json\/wp\/v2\/pages\/3649\/revisions"}],"predecessor-version":[{"id":3652,"href":"https:\/\/restaurantehabito.com\/en\/wp-json\/wp\/v2\/pages\/3649\/revisions\/3652"}],"wp:attachment":[{"href":"https:\/\/restaurantehabito.com\/en\/wp-json\/wp\/v2\/media?parent=3649"}],"curies":[{"name":"wp","href":"https:\/\/api.w.org\/{rel}","templated":true}]}}