{"id":3655,"date":"2025-01-20T11:12:27","date_gmt":"2025-01-20T11:12:27","guid":{"rendered":"https:\/\/restaurantehabito.com\/?page_id=3655"},"modified":"2025-01-20T11:12:59","modified_gmt":"2025-01-20T11:12:59","slug":"elementor-3655","status":"publish","type":"page","link":"https:\/\/restaurantehabito.com\/en\/elementor-3655\/","title":{"rendered":"Elementor #3655"},"content":{"rendered":"<div data-elementor-type=\"wp-page\" data-elementor-id=\"3655\" class=\"elementor elementor-3655\" data-elementor-post-type=\"page\">\n\t\t\t\t<div class=\"elementor-element elementor-element-b383a17 e-flex e-con-boxed e-con e-parent\" data-id=\"b383a17\" data-element_type=\"container\" data-e-type=\"container\" data-settings=\"{&quot;jet_parallax_layout_list&quot;:[]}\">\n\t\t\t\t\t<div class=\"e-con-inner\">\n\t\t\t\t<div class=\"elementor-element elementor-element-1487 elementor-widget elementor-widget-global elementor-global-1487 elementor-widget-jet-price-list\" data-id=\"1487\" data-element_type=\"widget\" data-e-type=\"widget\" data-widget_type=\"jet-price-list.default\">\n\t\t\t\t<div class=\"elementor-widget-container\">\n\t\t\t\t\t<div class=\"elementor-jet-price-list jet-elements\">\n<ul class=\"jet-price-list\"><li class=\"price-list__item\"><div class=\"price-list__item-inner\"><div class=\"price-list__item-content\"><div class=\"price-list__item-title__wrapper\"><div class=\"price-list__item-separator\"><\/div><\/div><div class=\"price-list__item-desc\">The perfect combination of the fruity aromas of red wine with the freshness and lightness of a white. Ros\u00e9 can acquire different shades, from pale pink to light red (and the darker its tone, the more full-bodied it will be)<\/div><\/div><\/div><\/li><li class=\"price-list__item\"><div class=\"price-list__item-inner\"><div class=\"price-list__item-content\"><div class=\"price-list__item-title__wrapper\"><h5 class=\"price-list__item-title\">Caminhos Cruzados <\/h5><div class=\"price-list__item-separator\"><\/div><\/div><div class=\"price-list__item-desc\">Touriga Nacional, Alfrocheiro Preto <br>\n<i class=\"fal fa-map-marker-alt\"><\/i> D\u00e3o, Portugal<\/div><\/div><\/div><\/li><li class=\"price-list__item\"><div class=\"price-list__item-inner\"><div class=\"price-list__item-content\"><div class=\"price-list__item-title__wrapper\"><h5 class=\"price-list__item-title\">Beyra Reserva<\/h5><div class=\"price-list__item-separator\"><\/div><\/div><div class=\"price-list__item-desc\">Rufete, Tinta Roriz, Touriga Nacional, Mourisco<br>\n<i class=\"fal fa-map-marker-alt\"><\/i> Beira Interior, Portugal<\/div><\/div><\/div><\/li><li class=\"price-list__item\"><div class=\"price-list__item-inner\"><div class=\"price-list__item-content\"><div class=\"price-list__item-title__wrapper\"><h5 class=\"price-list__item-title\">Barranco Longo Reserva <\/h5><div class=\"price-list__item-separator\"><\/div><\/div><div class=\"price-list__item-desc\">Aragon\u00eas, Touriga Nacional<br>\n<i class=\"fal fa-map-marker-alt\"><\/i> Algarve, Portugal<\/div><\/div><\/div><\/li><li class=\"price-list__item\"><div class=\"price-list__item-inner\"><div class=\"price-list__item-content\"><div class=\"price-list__item-title__wrapper\"><h5 class=\"price-list__item-title\">Quinta dos Capinhas <\/h5><div class=\"price-list__item-separator\"><\/div><\/div><div class=\"price-list__item-desc\">100% Cabernet Sauvignon<br>\n<i class=\"fal fa-map-marker-alt\"><\/i> Algarve, Portugal<\/div><\/div><\/div><\/li><li class=\"price-list__item\"><div class=\"price-list__item-inner\"><div class=\"price-list__item-content\"><div class=\"price-list__item-title__wrapper\"><h5 class=\"price-list__item-title\"><br><\/h5><div class=\"price-list__item-separator\"><\/div><\/div><\/div><\/div><\/li><\/ul><\/div>\t\t\t\t<\/div>\n\t\t\t\t<\/div>\n\t\t\t\t\t<\/div>\n\t\t\t\t<\/div>\n\t\t\t\t<\/div>","protected":false},"excerpt":{"rendered":"<p>A conjuga\u00e7\u00e3o perfeita dos aromas frutados do vinho tinto com a frescura e leveza de um branco. Os Ros\u00e9 podem adquirir diferentes tonalidades, do rosa p\u00e1lido ao vermelho claro (sendo que quanto mais escuro for o seu tom, mais encorpado ser\u00e1). Caminhos Cruzados Touriga Nacional, Alfrocheiro Preto D\u00e3o, Portugal Beyra Reserva Rufete, Tinta Roriz, Touriga [&hellip;]<\/p>\n","protected":false},"author":4,"featured_media":0,"parent":0,"menu_order":0,"comment_status":"closed","ping_status":"closed","template":"","meta":{"om_disable_all_campaigns":false,"_monsterinsights_skip_tracking":false,"_monsterinsights_sitenote_active":false,"_monsterinsights_sitenote_note":"","_monsterinsights_sitenote_category":0,"_uf_show_specific_survey":0,"_uf_disable_surveys":false,"_jet_sm_ready_style":"","_jet_sm_style":"","_jet_sm_controls_values":"","_jet_sm_fonts_collection":"","_jet_sm_fonts_links":"","footnotes":""},"class_list":["post-3655","page","type-page","status-publish","hentry"],"aioseo_notices":[],"_links":{"self":[{"href":"https:\/\/restaurantehabito.com\/en\/wp-json\/wp\/v2\/pages\/3655","targetHints":{"allow":["GET"]}}],"collection":[{"href":"https:\/\/restaurantehabito.com\/en\/wp-json\/wp\/v2\/pages"}],"about":[{"href":"https:\/\/restaurantehabito.com\/en\/wp-json\/wp\/v2\/types\/page"}],"author":[{"embeddable":true,"href":"https:\/\/restaurantehabito.com\/en\/wp-json\/wp\/v2\/users\/4"}],"replies":[{"embeddable":true,"href":"https:\/\/restaurantehabito.com\/en\/wp-json\/wp\/v2\/comments?post=3655"}],"version-history":[{"count":6,"href":"https:\/\/restaurantehabito.com\/en\/wp-json\/wp\/v2\/pages\/3655\/revisions"}],"predecessor-version":[{"id":3662,"href":"https:\/\/restaurantehabito.com\/en\/wp-json\/wp\/v2\/pages\/3655\/revisions\/3662"}],"wp:attachment":[{"href":"https:\/\/restaurantehabito.com\/en\/wp-json\/wp\/v2\/media?parent=3655"}],"curies":[{"name":"wp","href":"https:\/\/api.w.org\/{rel}","templated":true}]}}